{"id":20929,"date":"2020-03-02T10:27:05","date_gmt":"2020-03-02T10:27:05","guid":{"rendered":"https:\/\/www.emanalifestyle.com\/contact\/"},"modified":"2025-07-30T14:49:18","modified_gmt":"2025-07-30T14:49:18","slug":"contact","status":"publish","type":"page","link":"https:\/\/www.emanalifestyle.com\/en\/contact\/","title":{"rendered":"Contact"},"content":{"rendered":"\t\t<div data-elementor-type=\"wp-page\" data-elementor-id=\"20929\" class=\"elementor elementor-20929 elementor-16941\" data-elementor-post-type=\"page\">\n\t\t\t\t<div class=\"elementor-element elementor-element-b7c8cb6 e-flex e-con-boxed e-con e-parent\" data-id=\"b7c8cb6\" data-element_type=\"container\" data-settings=\"{&quot;background_background&quot;:&quot;classic&quot;}\">\n\t\t\t\t\t<div class=\"e-con-inner\">\n\t\t\t\t<div class=\"elementor-element elementor-element-ed30f2f elementor-widget elementor-widget-spacer\" data-id=\"ed30f2f\" data-element_type=\"widget\" data-widget_type=\"spacer.default\">\n\t\t\t\t<div class=\"elementor-widget-container\">\n\t\t\t\t\t\t\t<div class=\"elementor-spacer\">\n\t\t\t<div class=\"elementor-spacer-inner\"><\/div>\n\t\t<\/div>\n\t\t\t\t\t\t<\/div>\n\t\t\t\t<\/div>\n\t\t<div class=\"elementor-element elementor-element-62d67e7 e-con-full e-flex e-con e-child\" data-id=\"62d67e7\" data-element_type=\"container\">\n\t\t<div class=\"elementor-element elementor-element-94b6a23 e-grid e-con-full e-con e-child\" data-id=\"94b6a23\" data-element_type=\"container\">\n\t\t<div class=\"elementor-element elementor-element-f66d640 e-con-full e-flex e-con e-child\" data-id=\"f66d640\" data-element_type=\"container\">\n\t\t<div class=\"elementor-element elementor-element-493c285 e-con-full e-flex e-con e-child\" data-id=\"493c285\" data-element_type=\"container\">\n\t\t\t\t<div class=\"elementor-element elementor-element-b6c8014 animated-fast elementor-invisible elementor-widget elementor-widget-heading\" data-id=\"b6c8014\" data-element_type=\"widget\" data-settings=\"{&quot;_animation&quot;:&quot;fadeInUp&quot;,&quot;_animation_delay&quot;:200}\" data-widget_type=\"heading.default\">\n\t\t\t\t<div class=\"elementor-widget-container\">\n\t\t\t\t\t<h1 class=\"elementor-heading-title elementor-size-default\">Contact EMANA<\/h1>\t\t\t\t<\/div>\n\t\t\t\t<\/div>\n\t\t\t\t<div class=\"elementor-element elementor-element-18b9d67 animated-fast elementor-invisible elementor-widget elementor-widget-text-editor\" data-id=\"18b9d67\" data-element_type=\"widget\" data-settings=\"{&quot;_animation&quot;:&quot;fadeInUp&quot;,&quot;_animation_delay&quot;:600}\" data-widget_type=\"text-editor.default\">\n\t\t\t\t<div class=\"elementor-widget-container\">\n\t\t\t\t\t\t\t\t\t<p>You&#8217;ve got questions. A <a href=\"http:\/\/accueil\" data-wplink-url-error=\"true\"><strong>luxury property<\/strong><\/a> interested? Would you like to invest in a prestigious property in Meg\u00e8ve, Chamonix, Provence or the C\u00f4te d&#8217;Azur? The Emana agency team is available to answer all your questions.<\/p>\t\t\t\t\t\t\t\t<\/div>\n\t\t\t\t<\/div>\n\t\t\t\t<div class=\"elementor-element elementor-element-6a2448c animated-fast elementor-invisible elementor-widget elementor-widget-heading\" data-id=\"6a2448c\" data-element_type=\"widget\" data-settings=\"{&quot;_animation&quot;:&quot;fadeInUp&quot;,&quot;_animation_delay&quot;:200}\" data-widget_type=\"heading.default\">\n\t\t\t\t<div class=\"elementor-widget-container\">\n\t\t\t\t\t<h2 class=\"elementor-heading-title elementor-size-default\">Email and Phone<\/h2>\t\t\t\t<\/div>\n\t\t\t\t<\/div>\n\t\t\t\t<div class=\"elementor-element elementor-element-ef08bf9 animated-fast elementor-icon-list--layout-traditional elementor-list-item-link-full_width elementor-invisible elementor-widget elementor-widget-icon-list\" data-id=\"ef08bf9\" data-element_type=\"widget\" data-settings=\"{&quot;_animation&quot;:&quot;fadeInUp&quot;,&quot;_animation_delay&quot;:200}\" data-widget_type=\"icon-list.default\">\n\t\t\t\t<div class=\"elementor-widget-container\">\n\t\t\t\t\t\t\t<ul class=\"elementor-icon-list-items\">\n\t\t\t\t\t\t\t<li class=\"elementor-icon-list-item\">\n\t\t\t\t\t\t\t\t\t\t\t<span class=\"elementor-icon-list-icon\">\n\t\t\t\t\t\t\t<svg aria-hidden=\"true\" class=\"e-font-icon-svg e-fas-mail-bulk\" viewBox=\"0 0 576 512\" xmlns=\"http:\/\/www.w3.org\/2000\/svg\"><path d=\"M160 448c-25.6 0-51.2-22.4-64-32-64-44.8-83.2-60.8-96-70.4V480c0 17.67 14.33 32 32 32h256c17.67 0 32-14.33 32-32V345.6c-12.8 9.6-32 25.6-96 70.4-12.8 9.6-38.4 32-64 32zm128-192H32c-17.67 0-32 14.33-32 32v16c25.6 19.2 22.4 19.2 115.2 86.4 9.6 6.4 28.8 25.6 44.8 25.6s35.2-19.2 44.8-22.4c92.8-67.2 89.6-67.2 115.2-86.4V288c0-17.67-14.33-32-32-32zm256-96H224c-17.67 0-32 14.33-32 32v32h96c33.21 0 60.59 25.42 63.71 57.82l.29-.22V416h192c17.67 0 32-14.33 32-32V192c0-17.67-14.33-32-32-32zm-32 128h-64v-64h64v64zm-352-96c0-35.29 28.71-64 64-64h224V32c0-17.67-14.33-32-32-32H96C78.33 0 64 14.33 64 32v192h96v-32z\"><\/path><\/svg>\t\t\t\t\t\t<\/span>\n\t\t\t\t\t\t\t\t\t\t<span class=\"elementor-icon-list-text\">egh@build-ing.fr<\/span>\n\t\t\t\t\t\t\t\t\t<\/li>\n\t\t\t\t\t\t\t\t<li class=\"elementor-icon-list-item\">\n\t\t\t\t\t\t\t\t\t\t\t<span class=\"elementor-icon-list-icon\">\n\t\t\t\t\t\t\t<svg aria-hidden=\"true\" class=\"e-font-icon-svg e-fas-phone-alt\" viewBox=\"0 0 512 512\" xmlns=\"http:\/\/www.w3.org\/2000\/svg\"><path d=\"M497.39 361.8l-112-48a24 24 0 0 0-28 6.9l-49.6 60.6A370.66 370.66 0 0 1 130.6 204.11l60.6-49.6a23.94 23.94 0 0 0 6.9-28l-48-112A24.16 24.16 0 0 0 122.6.61l-104 24A24 24 0 0 0 0 48c0 256.5 207.9 464 464 464a24 24 0 0 0 23.4-18.6l24-104a24.29 24.29 0 0 0-14.01-27.6z\"><\/path><\/svg>\t\t\t\t\t\t<\/span>\n\t\t\t\t\t\t\t\t\t\t<span class=\"elementor-icon-list-text\">06 85 78 24 22<\/span>\n\t\t\t\t\t\t\t\t\t<\/li>\n\t\t\t\t\t\t<\/ul>\n\t\t\t\t\t\t<\/div>\n\t\t\t\t<\/div>\n\t\t\t\t<\/div>\n\t\t\t\t<\/div>\n\t\t<div class=\"elementor-element elementor-element-6004941 e-con-full e-flex e-con e-child\" data-id=\"6004941\" data-element_type=\"container\">\n\t\t\t\t<div class=\"elementor-element elementor-element-ec3096c animated-fast elementor-button-align-stretch elementor-invisible elementor-widget elementor-widget-houzez_elementor_inquiry_form\" data-id=\"ec3096c\" data-element_type=\"widget\" data-settings=\"{&quot;_animation&quot;:&quot;fadeInUp&quot;,&quot;_animation_delay&quot;:400}\" data-widget_type=\"houzez_elementor_inquiry_form.default\">\n\t\t\t\t<div class=\"elementor-widget-container\">\n\t\t\t\t\t\n        <script type=\"application\/javascript\">\n            jQuery(document).bind(\"ready\", function () {\n                houzezValidateElementor(\"#houzez-form-ec3096c\" );\n            });\n        <\/script>\n\n\n        <form class=\"elementor-form houzez-ele-form-js\" id=\"houzez-form-ec3096c\" method=\"post\" name=\"New Form\" action=\"https:\/\/www.emanalifestyle.com\/wp-admin\/admin-ajax.php\">\n            <input type=\"hidden\" name=\"form_id\" value=\"ec3096c\"\/>\n            <input type=\"hidden\" name=\"action\" value=\"houzez_ele_inquiry_form\" \/>\n            <input type=\"hidden\" name=\"source_link\" value=\"https:\/\/www.emanalifestyle.com\/en\/contact\/\" \/>\n            <input type=\"hidden\" name=\"lead_page_id\" value=\"20929\" \/>\n            <input type=\"hidden\" name=\"is_estimation\" value=\"yes\" \/>\n            <input type=\"hidden\" name=\"webhook\" value=\"false\" \/>\n            <input type=\"hidden\" name=\"webhook_url\" value=\"\" \/>\n            <input type=\"hidden\" name=\"redirect_to\" value=\"\" \/>\n            <input type=\"hidden\" name=\"google_recaptcha\" value=\"yes\" \/>\n\n            <div class=\"elementor-form-fields-wrapper elementor-labels-above\">\n\n                                    <div class=\"elementor-field-group elementor-column form-group elementor-field-group-cc6b92f elementor-col-50 elementor-field-required\">\n                    <input type=\"text\" name=\"first_name\" id=\"form-field-cc6b92f\" class=\"elementor-field form-control elementor-size-md elementor-field-textual\" placeholder=\"Name\" title=\"* Name\" required=\"required\">                    <\/div>\n\n                                        <div class=\"elementor-field-group elementor-column form-group elementor-field-group-3cc124e elementor-col-50\">\n                    <input type=\"text\" name=\"last_name\" id=\"form-field-3cc124e\" class=\"elementor-field form-control elementor-size-md elementor-field-textual\" placeholder=\"First name\" title=\"* First name\">                    <\/div>\n\n                                        <div class=\"elementor-field-group elementor-column form-group elementor-field-group-932d82c elementor-col-100 elementor-field-required\">\n                    <input type=\"email\" name=\"email\" id=\"form-field-932d82c\" class=\"elementor-field form-control elementor-size-md elementor-field-textual\" placeholder=\"Email\" title=\"* Email\" required=\"required\">                    <\/div>\n\n                                        <div class=\"elementor-field-group elementor-column form-group elementor-field-group-34800bf elementor-col-100 elementor-field-required\">\n                    <textarea class=\"elementor-field-textual elementor-field elementor-size-md\" name=\"message\" id=\"form-field-34800bf\" rows=\"4\" placeholder=\"Message\" required=\"required\" title=\"* Message\"><\/textarea>                    <\/div>\n\n                    \n                    \n                                        <div class=\"houzez-gdpr-agreement elementor-field-group elementor-col-100\">\n                        <label for=\"gdpr_agreement\" class=\"elementor-field-label\">RGPD<\/label>\n                        <div class=\"gdpr-agreement-subgroup\">\n                            <span class=\"gdpr-field-option\">\n                                <label class=\"gdpr-text\" for=\"gdpr_agreement\">\n                                    <input required type=\"checkbox\" title=\"* RGPD\" name=\"gdpr_agreement\" id=\"gdpr_agreement\">  By using this form, you agree to EMANA collecting your personal data. This data will only be used to respond to your request and will not be used for prospecting purposes.                                <\/label>\n                            <\/span>\n                        <\/div>             \n                    <\/div>\n                    \n                                        <div class=\"\">\n                        <div class=\"form-group captcha_wrapper houzez-grecaptcha-v3\">\n    <div class=\"houzez_google_reCaptcha\"><\/div>\n<\/div>\n                    <\/div>\n                    \n                    <div class=\"elementor-field-group elementor-column elementor-field-type-submit elementor-col-100\">\n                    <button type=\"submit\" class=\"houzez-submit-button houzez-contact-form-js elementor-button elementor-size-md\">\n                        <i class=\"btn-loader houzez-loader-js\"><\/i>\n                                                    Send                                            <\/button>\n                <\/div>\n            <\/div><!-- End wrapper-->\n            <br\/>\n            <div class=\"ele-form-messages\"><\/div>\n            <div class=\"error-container\"><\/div>\n\n        <\/form>\n\n    \t\t\t\t<\/div>\n\t\t\t\t<\/div>\n\t\t\t\t<\/div>\n\t\t\t\t<\/div>\n\t\t\t\t<\/div>\n\t\t\t\t<div class=\"elementor-element elementor-element-fcb54ae elementor-widget elementor-widget-spacer\" data-id=\"fcb54ae\" data-element_type=\"widget\" data-widget_type=\"spacer.default\">\n\t\t\t\t<div class=\"elementor-widget-container\">\n\t\t\t\t\t\t\t<div class=\"elementor-spacer\">\n\t\t\t<div class=\"elementor-spacer-inner\"><\/div>\n\t\t<\/div>\n\t\t\t\t\t\t<\/div>\n\t\t\t\t<\/div>\n\t\t\t\t\t<\/div>\n\t\t\t\t<\/div>\n\t\t\t\t<\/div>\n\t\t","protected":false},"excerpt":{"rendered":"<p>Contact EMANA You&#8217;ve got questions. A luxury property interested? Would you like to invest in a prestigious property in Meg\u00e8ve, Chamonix, Provence or the C\u00f4te d&#8217;Azur? The Emana agency team is available to answer all your questions. Email and Phone egh@build-ing.fr 06 85 78 24 22 Please install and activate Houzez CRM plugin.<\/p>\n","protected":false},"author":1,"featured_media":0,"parent":0,"menu_order":0,"comment_status":"closed","ping_status":"closed","template":"template\/template-homepage.php","meta":{"footnotes":""},"class_list":["post-20929","page","type-page","status-publish","hentry"],"yoast_head":"<!-- This site is optimized with the Yoast SEO plugin v25.6 - https:\/\/yoast.com\/wordpress\/plugins\/seo\/ -->\n<title>Contact - Real estate agency specialized in luxury - Emana<\/title>\n<meta name=\"description\" content=\"Contact Emana, real estate agency specialized in luxury and prestige properties in Meg\u00e8ve, Chamonix (Alpes), Eygali\u00e8res (Provence)\" \/>\n<meta name=\"robots\" content=\"index, follow, max-snippet:-1, max-image-preview:large, max-video-preview:-1\" \/>\n<link rel=\"canonical\" href=\"https:\/\/www.emanalifestyle.com\/en\/contact\/\" \/>\n<meta property=\"og:locale\" content=\"en_US\" \/>\n<meta property=\"og:type\" content=\"article\" \/>\n<meta property=\"og:title\" content=\"Contact - Real estate agency specialized in luxury - Emana\" \/>\n<meta property=\"og:description\" content=\"Contact Emana, real estate agency specialized in luxury and prestige properties in Meg\u00e8ve, Chamonix (Alpes), Eygali\u00e8res (Provence)\" \/>\n<meta property=\"og:url\" content=\"https:\/\/www.emanalifestyle.com\/en\/contact\/\" \/>\n<meta property=\"og:site_name\" content=\"Emana\" \/>\n<meta property=\"article:modified_time\" content=\"2025-07-30T14:49:18+00:00\" \/>\n<meta property=\"og:image\" content=\"https:\/\/www.emanalifestyle.com\/wp-content\/uploads\/2025\/07\/favicon-emana.jpg\" \/>\n\t<meta property=\"og:image:width\" content=\"512\" \/>\n\t<meta property=\"og:image:height\" content=\"512\" \/>\n\t<meta property=\"og:image:type\" content=\"image\/jpeg\" \/>\n<meta name=\"twitter:card\" content=\"summary_large_image\" \/>\n<script type=\"application\/ld+json\" class=\"yoast-schema-graph\">{\"@context\":\"https:\/\/schema.org\",\"@graph\":[{\"@type\":\"WebPage\",\"@id\":\"https:\/\/www.emanalifestyle.com\/en\/contact\/\",\"url\":\"https:\/\/www.emanalifestyle.com\/en\/contact\/\",\"name\":\"Contact - Real estate agency specialized in luxury - Emana\",\"isPartOf\":{\"@id\":\"https:\/\/www.emanalifestyle.com\/en\/#website\"},\"datePublished\":\"2020-03-02T10:27:05+00:00\",\"dateModified\":\"2025-07-30T14:49:18+00:00\",\"description\":\"Contact Emana, real estate agency specialized in luxury and prestige properties in Meg\u00e8ve, Chamonix (Alpes), Eygali\u00e8res (Provence)\",\"breadcrumb\":{\"@id\":\"https:\/\/www.emanalifestyle.com\/en\/contact\/#breadcrumb\"},\"inLanguage\":\"en-US\",\"potentialAction\":[{\"@type\":\"ReadAction\",\"target\":[\"https:\/\/www.emanalifestyle.com\/en\/contact\/\"]}]},{\"@type\":\"BreadcrumbList\",\"@id\":\"https:\/\/www.emanalifestyle.com\/en\/contact\/#breadcrumb\",\"itemListElement\":[{\"@type\":\"ListItem\",\"position\":1,\"name\":\"Accueil\",\"item\":\"https:\/\/www.emanalifestyle.com\/en\/home\/\"},{\"@type\":\"ListItem\",\"position\":2,\"name\":\"Contact\"}]},{\"@type\":\"WebSite\",\"@id\":\"https:\/\/www.emanalifestyle.com\/en\/#website\",\"url\":\"https:\/\/www.emanalifestyle.com\/en\/\",\"name\":\"Emana\",\"description\":\"Agence immobili\u00e8re Meg\u00e8ve, Chamonix, Eygali\u00e8res\",\"publisher\":{\"@id\":\"https:\/\/www.emanalifestyle.com\/en\/#organization\"},\"potentialAction\":[{\"@type\":\"SearchAction\",\"target\":{\"@type\":\"EntryPoint\",\"urlTemplate\":\"https:\/\/www.emanalifestyle.com\/en\/?s={search_term_string}\"},\"query-input\":{\"@type\":\"PropertyValueSpecification\",\"valueRequired\":true,\"valueName\":\"search_term_string\"}}],\"inLanguage\":\"en-US\"},{\"@type\":\"Organization\",\"@id\":\"https:\/\/www.emanalifestyle.com\/en\/#organization\",\"name\":\"Emana\",\"url\":\"https:\/\/www.emanalifestyle.com\/en\/\",\"logo\":{\"@type\":\"ImageObject\",\"inLanguage\":\"en-US\",\"@id\":\"https:\/\/www.emanalifestyle.com\/en\/#\/schema\/logo\/image\/\",\"url\":\"https:\/\/www.emanalifestyle.com\/wp-content\/uploads\/2025\/07\/favicon-emana.jpg\",\"contentUrl\":\"https:\/\/www.emanalifestyle.com\/wp-content\/uploads\/2025\/07\/favicon-emana.jpg\",\"width\":512,\"height\":512,\"caption\":\"Emana\"},\"image\":{\"@id\":\"https:\/\/www.emanalifestyle.com\/en\/#\/schema\/logo\/image\/\"},\"sameAs\":[\"https:\/\/www.instagram.com\/emanalifestyle\/\"]}]}<\/script>\n<!-- \/ Yoast SEO plugin. -->","yoast_head_json":{"title":"Contact - Real estate agency specialized in luxury - Emana","description":"Contact Emana, real estate agency specialized in luxury and prestige properties in Meg\u00e8ve, Chamonix (Alpes), Eygali\u00e8res (Provence)","robots":{"index":"index","follow":"follow","max-snippet":"max-snippet:-1","max-image-preview":"max-image-preview:large","max-video-preview":"max-video-preview:-1"},"canonical":"https:\/\/www.emanalifestyle.com\/en\/contact\/","og_locale":"en_US","og_type":"article","og_title":"Contact - Real estate agency specialized in luxury - Emana","og_description":"Contact Emana, real estate agency specialized in luxury and prestige properties in Meg\u00e8ve, Chamonix (Alpes), Eygali\u00e8res (Provence)","og_url":"https:\/\/www.emanalifestyle.com\/en\/contact\/","og_site_name":"Emana","article_modified_time":"2025-07-30T14:49:18+00:00","og_image":[{"width":512,"height":512,"url":"https:\/\/www.emanalifestyle.com\/wp-content\/uploads\/2025\/07\/favicon-emana.jpg","type":"image\/jpeg"}],"twitter_card":"summary_large_image","schema":{"@context":"https:\/\/schema.org","@graph":[{"@type":"WebPage","@id":"https:\/\/www.emanalifestyle.com\/en\/contact\/","url":"https:\/\/www.emanalifestyle.com\/en\/contact\/","name":"Contact - Real estate agency specialized in luxury - Emana","isPartOf":{"@id":"https:\/\/www.emanalifestyle.com\/en\/#website"},"datePublished":"2020-03-02T10:27:05+00:00","dateModified":"2025-07-30T14:49:18+00:00","description":"Contact Emana, real estate agency specialized in luxury and prestige properties in Meg\u00e8ve, Chamonix (Alpes), Eygali\u00e8res (Provence)","breadcrumb":{"@id":"https:\/\/www.emanalifestyle.com\/en\/contact\/#breadcrumb"},"inLanguage":"en-US","potentialAction":[{"@type":"ReadAction","target":["https:\/\/www.emanalifestyle.com\/en\/contact\/"]}]},{"@type":"BreadcrumbList","@id":"https:\/\/www.emanalifestyle.com\/en\/contact\/#breadcrumb","itemListElement":[{"@type":"ListItem","position":1,"name":"Accueil","item":"https:\/\/www.emanalifestyle.com\/en\/home\/"},{"@type":"ListItem","position":2,"name":"Contact"}]},{"@type":"WebSite","@id":"https:\/\/www.emanalifestyle.com\/en\/#website","url":"https:\/\/www.emanalifestyle.com\/en\/","name":"Emana","description":"Agence immobili\u00e8re Meg\u00e8ve, Chamonix, Eygali\u00e8res","publisher":{"@id":"https:\/\/www.emanalifestyle.com\/en\/#organization"},"potentialAction":[{"@type":"SearchAction","target":{"@type":"EntryPoint","urlTemplate":"https:\/\/www.emanalifestyle.com\/en\/?s={search_term_string}"},"query-input":{"@type":"PropertyValueSpecification","valueRequired":true,"valueName":"search_term_string"}}],"inLanguage":"en-US"},{"@type":"Organization","@id":"https:\/\/www.emanalifestyle.com\/en\/#organization","name":"Emana","url":"https:\/\/www.emanalifestyle.com\/en\/","logo":{"@type":"ImageObject","inLanguage":"en-US","@id":"https:\/\/www.emanalifestyle.com\/en\/#\/schema\/logo\/image\/","url":"https:\/\/www.emanalifestyle.com\/wp-content\/uploads\/2025\/07\/favicon-emana.jpg","contentUrl":"https:\/\/www.emanalifestyle.com\/wp-content\/uploads\/2025\/07\/favicon-emana.jpg","width":512,"height":512,"caption":"Emana"},"image":{"@id":"https:\/\/www.emanalifestyle.com\/en\/#\/schema\/logo\/image\/"},"sameAs":["https:\/\/www.instagram.com\/emanalifestyle\/"]}]}},"_links":{"self":[{"href":"https:\/\/www.emanalifestyle.com\/en\/wp-json\/wp\/v2\/pages\/20929","targetHints":{"allow":["GET"]}}],"collection":[{"href":"https:\/\/www.emanalifestyle.com\/en\/wp-json\/wp\/v2\/pages"}],"about":[{"href":"https:\/\/www.emanalifestyle.com\/en\/wp-json\/wp\/v2\/types\/page"}],"author":[{"embeddable":true,"href":"https:\/\/www.emanalifestyle.com\/en\/wp-json\/wp\/v2\/users\/1"}],"replies":[{"embeddable":true,"href":"https:\/\/www.emanalifestyle.com\/en\/wp-json\/wp\/v2\/comments?post=20929"}],"version-history":[{"count":1,"href":"https:\/\/www.emanalifestyle.com\/en\/wp-json\/wp\/v2\/pages\/20929\/revisions"}],"predecessor-version":[{"id":20930,"href":"https:\/\/www.emanalifestyle.com\/en\/wp-json\/wp\/v2\/pages\/20929\/revisions\/20930"}],"wp:attachment":[{"href":"https:\/\/www.emanalifestyle.com\/en\/wp-json\/wp\/v2\/media?parent=20929"}],"curies":[{"name":"wp","href":"https:\/\/api.w.org\/{rel}","templated":true}]}}